{"id":8,"date":"2020-09-20T16:12:14","date_gmt":"2020-09-20T14:12:14","guid":{"rendered":"http:\/\/agp-travaux.com\/?page_id=8"},"modified":"2020-09-20T23:00:58","modified_gmt":"2020-09-20T21:00:58","slug":"accueil","status":"publish","type":"page","link":"https:\/\/agp-travaux.com\/","title":{"rendered":"Accueil"},"content":{"rendered":"\n<p>AGP r\u00e9alise vos travaux en Ile de France, du sol au plafond<\/p>\n\n\n\n<p>Nous pouvons vous conseiller sur vos projets.<br>Nos professionnels ma\u00eetrisent les techniques n\u00e9cessaires. \u00e0 toutes les r\u00e9alisations.<\/p>\n\n\n\n<p>Nous utilisons des mat\u00e9riaux et fournitures de qualit\u00e9, pour un r\u00e9sultat premium.<\/p>\n\n\n\n<p>Nos plannings travaux et chantiers seront honor\u00e9s, pas de surprise sur les dates de livraison !<\/p>\n","protected":false},"excerpt":{"rendered":"<p>AGP r\u00e9alise vos travaux en Ile de France, du sol au plafond Nous pouvons vous conseiller sur vos projets.Nos professionnels ma\u00eetrisent les techniques n\u00e9cessaires. \u00e0 toutes les r\u00e9alisations. Nous utilisons des mat\u00e9riaux et fournitures de qualit\u00e9, pour un r\u00e9sultat premium. Nos plannings travaux et chantiers seront honor\u00e9s, pas de surprise sur les dates de livraison &hellip; <\/p>\n<p class=\"link-more\"><a href=\"https:\/\/agp-travaux.com\/\" class=\"more-link\">Continuer la lecture<span class=\"screen-reader-text\"> de &laquo;&nbsp;Accueil&nbsp;&raquo;<\/span><\/a><\/p>\n","protected":false},"author":2,"featured_media":0,"parent":0,"menu_order":0,"comment_status":"closed","ping_status":"closed","template":"","meta":[],"_links":{"self":[{"href":"https:\/\/agp-travaux.com\/index.php?rest_route=\/wp\/v2\/pages\/8"}],"collection":[{"href":"https:\/\/agp-travaux.com\/index.php?rest_route=\/wp\/v2\/pages"}],"about":[{"href":"https:\/\/agp-travaux.com\/index.php?rest_route=\/wp\/v2\/types\/page"}],"author":[{"embeddable":true,"href":"https:\/\/agp-travaux.com\/index.php?rest_route=\/wp\/v2\/users\/2"}],"replies":[{"embeddable":true,"href":"https:\/\/agp-travaux.com\/index.php?rest_route=%2Fwp%2Fv2%2Fcomments&post=8"}],"version-history":[{"count":5,"href":"https:\/\/agp-travaux.com\/index.php?rest_route=\/wp\/v2\/pages\/8\/revisions"}],"predecessor-version":[{"id":66,"href":"https:\/\/agp-travaux.com\/index.php?rest_route=\/wp\/v2\/pages\/8\/revisions\/66"}],"wp:attachment":[{"href":"https:\/\/agp-travaux.com\/index.php?rest_route=%2Fwp%2Fv2%2Fmedia&parent=8"}],"curies":[{"name":"wp","href":"https:\/\/api.w.org\/{rel}","templated":true}]}}